{"id":1711,"date":"2025-08-29T21:58:38","date_gmt":"2025-08-29T19:58:38","guid":{"rendered":"https:\/\/valmaseda.orbidi.online\/?post_type=product&#038;p=1711"},"modified":"2025-08-29T22:00:09","modified_gmt":"2025-08-29T20:00:09","slug":"consultoria-en-materiales-y-produccion","status":"publish","type":"product","link":"https:\/\/www.valmaseda.es\/en\/product\/consultoria-en-materiales-y-produccion\/","title":{"rendered":"Consultor\u00eda en materiales y producci\u00f3n"},"content":{"rendered":"<p><span style=\"font-weight: 400;\">\u00bfNo sabe qu\u00e9 tipo de papel, envase o impresi\u00f3n usar? \u00bfBusca proveedores sostenibles o m\u00e1s eficientes? Le asesoramos en la elecci\u00f3n de materiales, acabados, procesos de producci\u00f3n y proveedores t\u00e9cnicos. Optimizamos su proyecto para que sea viable, sostenible y rentable, sin perder calidad ni impacto visual. Este servicio es clave para quienes desean producir con seguridad y conocimiento t\u00e9cnico.<\/span><\/p>","protected":false},"excerpt":{"rendered":"<p>\u00bfNo sabe qu\u00e9 tipo de papel, envase o impresi\u00f3n usar? \u00bfBusca proveedores sostenibles o m\u00e1s eficientes? Le asesoramos en la elecci\u00f3n de materiales, acabados, procesos de producci\u00f3n y proveedores t\u00e9cnicos. Optimizamos su proyecto para que sea viable, sostenible y rentable, sin perder calidad ni impacto visual. Este servicio es clave para quienes desean producir con [&hellip;]<\/p>","protected":false},"featured_media":1603,"comment_status":"open","ping_status":"closed","template":"","meta":{"wds_primary_product_brand":0,"wds_primary_product_cat":0},"product_brand":[],"product_cat":[23],"product_tag":[],"class_list":{"0":"post-1711","1":"product","2":"type-product","3":"status-publish","4":"has-post-thumbnail","6":"product_cat-sin-categorizar","8":"first","9":"instock","10":"shipping-taxable","11":"purchasable","12":"product-type-simple"},"_links":{"self":[{"href":"https:\/\/www.valmaseda.es\/en\/wp-json\/wp\/v2\/product\/1711","targetHints":{"allow":["GET"]}}],"collection":[{"href":"https:\/\/www.valmaseda.es\/en\/wp-json\/wp\/v2\/product"}],"about":[{"href":"https:\/\/www.valmaseda.es\/en\/wp-json\/wp\/v2\/types\/product"}],"replies":[{"embeddable":true,"href":"https:\/\/www.valmaseda.es\/en\/wp-json\/wp\/v2\/comments?post=1711"}],"wp:featuredmedia":[{"embeddable":true,"href":"https:\/\/www.valmaseda.es\/en\/wp-json\/wp\/v2\/media\/1603"}],"wp:attachment":[{"href":"https:\/\/www.valmaseda.es\/en\/wp-json\/wp\/v2\/media?parent=1711"}],"wp:term":[{"taxonomy":"product_brand","embeddable":true,"href":"https:\/\/www.valmaseda.es\/en\/wp-json\/wp\/v2\/product_brand?post=1711"},{"taxonomy":"product_cat","embeddable":true,"href":"https:\/\/www.valmaseda.es\/en\/wp-json\/wp\/v2\/product_cat?post=1711"},{"taxonomy":"product_tag","embeddable":true,"href":"https:\/\/www.valmaseda.es\/en\/wp-json\/wp\/v2\/product_tag?post=1711"}],"curies":[{"name":"wp","href":"https:\/\/api.w.org\/{rel}","templated":true}]}}