{"id":1710,"date":"2025-08-29T21:58:11","date_gmt":"2025-08-29T19:58:11","guid":{"rendered":"https:\/\/valmaseda.orbidi.online\/?post_type=product&#038;p=1710"},"modified":"2025-08-29T22:00:23","modified_gmt":"2025-08-29T20:00:23","slug":"direccion-de-arte-e-ilustracion","status":"publish","type":"product","link":"https:\/\/www.valmaseda.es\/en\/product\/direccion-de-arte-e-ilustracion\/","title":{"rendered":"Direcci\u00f3n de arte e ilustraci\u00f3n"},"content":{"rendered":"<p><span style=\"font-weight: 400;\">Conceptualizamos visualmente el universo de su marca o campa\u00f1a. A trav\u00e9s de la direcci\u00f3n de arte definimos tono, estilo y est\u00e9tica general, alineando todos los elementos visuales para comunicar de forma coherente. Adem\u00e1s, ofrecemos ilustraci\u00f3n personalizada para packaging, branding o comunicaci\u00f3n, adaptada a su estilo y necesidades. Ideal para proyectos que requieren una narrativa visual potente y diferenciadora.<\/span><\/p>","protected":false},"excerpt":{"rendered":"<p>Conceptualizamos visualmente el universo de su marca o campa\u00f1a. A trav\u00e9s de la direcci\u00f3n de arte definimos tono, estilo y est\u00e9tica general, alineando todos los elementos visuales para comunicar de forma coherente. Adem\u00e1s, ofrecemos ilustraci\u00f3n personalizada para packaging, branding o comunicaci\u00f3n, adaptada a su estilo y necesidades. Ideal para proyectos que requieren una narrativa visual [&hellip;]<\/p>","protected":false},"featured_media":1604,"comment_status":"open","ping_status":"closed","template":"","meta":{"wds_primary_product_brand":0,"wds_primary_product_cat":0},"product_brand":[],"product_cat":[23],"product_tag":[],"class_list":{"0":"post-1710","1":"product","2":"type-product","3":"status-publish","4":"has-post-thumbnail","6":"product_cat-sin-categorizar","8":"first","9":"instock","10":"shipping-taxable","11":"purchasable","12":"product-type-simple"},"_links":{"self":[{"href":"https:\/\/www.valmaseda.es\/en\/wp-json\/wp\/v2\/product\/1710","targetHints":{"allow":["GET"]}}],"collection":[{"href":"https:\/\/www.valmaseda.es\/en\/wp-json\/wp\/v2\/product"}],"about":[{"href":"https:\/\/www.valmaseda.es\/en\/wp-json\/wp\/v2\/types\/product"}],"replies":[{"embeddable":true,"href":"https:\/\/www.valmaseda.es\/en\/wp-json\/wp\/v2\/comments?post=1710"}],"wp:featuredmedia":[{"embeddable":true,"href":"https:\/\/www.valmaseda.es\/en\/wp-json\/wp\/v2\/media\/1604"}],"wp:attachment":[{"href":"https:\/\/www.valmaseda.es\/en\/wp-json\/wp\/v2\/media?parent=1710"}],"wp:term":[{"taxonomy":"product_brand","embeddable":true,"href":"https:\/\/www.valmaseda.es\/en\/wp-json\/wp\/v2\/product_brand?post=1710"},{"taxonomy":"product_cat","embeddable":true,"href":"https:\/\/www.valmaseda.es\/en\/wp-json\/wp\/v2\/product_cat?post=1710"},{"taxonomy":"product_tag","embeddable":true,"href":"https:\/\/www.valmaseda.es\/en\/wp-json\/wp\/v2\/product_tag?post=1710"}],"curies":[{"name":"wp","href":"https:\/\/api.w.org\/{rel}","templated":true}]}}