{"id":1707,"date":"2025-08-29T21:56:30","date_gmt":"2025-08-29T19:56:30","guid":{"rendered":"https:\/\/valmaseda.orbidi.online\/?post_type=product&#038;p=1707"},"modified":"2025-08-29T22:00:40","modified_gmt":"2025-08-29T20:00:40","slug":"packaging-primario-personalizado","status":"publish","type":"product","link":"https:\/\/www.valmaseda.es\/en\/product\/packaging-primario-personalizado\/","title":{"rendered":"Packaging primario personalizado"},"content":{"rendered":"<p><span style=\"font-weight: 400;\">Dise\u00f1amos el envase que contendr\u00e1 su producto: su carta de presentaci\u00f3n en el mercado. Combinamos funcionalidad, est\u00e9tica y viabilidad t\u00e9cnica para desarrollar un packaging que no solo proteja, sino que comunique los valores de su marca y conecte con el consumidor. Trabajamos formatos \u00fanicos, materiales adecuados y acabados atractivos, adapt\u00e1ndonos a normativas y canales de distribuci\u00f3n. Ideal para productos de alimentaci\u00f3n, cosm\u00e9tica, bebidas o farmacia.<\/span><\/p>","protected":false},"excerpt":{"rendered":"<p>Dise\u00f1amos el envase que contendr\u00e1 su producto: su carta de presentaci\u00f3n en el mercado. Combinamos funcionalidad, est\u00e9tica y viabilidad t\u00e9cnica para desarrollar un packaging que no solo proteja, sino que comunique los valores de su marca y conecte con el consumidor. Trabajamos formatos \u00fanicos, materiales adecuados y acabados atractivos, adapt\u00e1ndonos a normativas y canales de [&hellip;]<\/p>","protected":false},"featured_media":1607,"comment_status":"open","ping_status":"closed","template":"","meta":{"wds_primary_product_brand":0,"wds_primary_product_cat":0},"product_brand":[],"product_cat":[23],"product_tag":[],"class_list":{"0":"post-1707","1":"product","2":"type-product","3":"status-publish","4":"has-post-thumbnail","6":"product_cat-sin-categorizar","8":"first","9":"instock","10":"shipping-taxable","11":"purchasable","12":"product-type-simple"},"_links":{"self":[{"href":"https:\/\/www.valmaseda.es\/en\/wp-json\/wp\/v2\/product\/1707","targetHints":{"allow":["GET"]}}],"collection":[{"href":"https:\/\/www.valmaseda.es\/en\/wp-json\/wp\/v2\/product"}],"about":[{"href":"https:\/\/www.valmaseda.es\/en\/wp-json\/wp\/v2\/types\/product"}],"replies":[{"embeddable":true,"href":"https:\/\/www.valmaseda.es\/en\/wp-json\/wp\/v2\/comments?post=1707"}],"wp:featuredmedia":[{"embeddable":true,"href":"https:\/\/www.valmaseda.es\/en\/wp-json\/wp\/v2\/media\/1607"}],"wp:attachment":[{"href":"https:\/\/www.valmaseda.es\/en\/wp-json\/wp\/v2\/media?parent=1707"}],"wp:term":[{"taxonomy":"product_brand","embeddable":true,"href":"https:\/\/www.valmaseda.es\/en\/wp-json\/wp\/v2\/product_brand?post=1707"},{"taxonomy":"product_cat","embeddable":true,"href":"https:\/\/www.valmaseda.es\/en\/wp-json\/wp\/v2\/product_cat?post=1707"},{"taxonomy":"product_tag","embeddable":true,"href":"https:\/\/www.valmaseda.es\/en\/wp-json\/wp\/v2\/product_tag?post=1707"}],"curies":[{"name":"wp","href":"https:\/\/api.w.org\/{rel}","templated":true}]}}