{"id":1706,"date":"2025-08-29T21:55:54","date_gmt":"2025-08-29T19:55:54","guid":{"rendered":"https:\/\/valmaseda.orbidi.online\/?post_type=product&#038;p=1706"},"modified":"2025-08-29T22:00:31","modified_gmt":"2025-08-29T20:00:31","slug":"modelado-3d-y-render-fotorealista","status":"publish","type":"product","link":"https:\/\/www.valmaseda.es\/en\/product\/modelado-3d-y-render-fotorealista\/","title":{"rendered":"Modelado 3D y render fotorealista"},"content":{"rendered":"<p>El nombre es el primer mensaje que su marca comunica. Le ayudamos a encontrar un nombre memorable, coherente con su posicionamiento y con disponibilidad legal y digital. Realizamos an\u00e1lisis ling\u00fc\u00edstico, estudio de mercado y conceptualizaci\u00f3n creativa, buscando un nombre que no solo suene bien, sino que funcione en su sector. Perfecto para nuevas marcas, l\u00edneas de productos o rebranding.<\/p>","protected":false},"excerpt":{"rendered":"<p>El nombre es el primer mensaje que su marca comunica. Le ayudamos a encontrar un nombre memorable, coherente con su posicionamiento y con disponibilidad legal y digital. Realizamos an\u00e1lisis ling\u00fc\u00edstico, estudio de mercado y conceptualizaci\u00f3n creativa, buscando un nombre que no solo suene bien, sino que funcione en su sector. Perfecto para nuevas marcas, l\u00edneas [&hellip;]<\/p>","protected":false},"featured_media":1602,"comment_status":"open","ping_status":"closed","template":"","meta":{"wds_primary_product_brand":0,"wds_primary_product_cat":0},"product_brand":[],"product_cat":[23],"product_tag":[],"class_list":{"0":"post-1706","1":"product","2":"type-product","3":"status-publish","4":"has-post-thumbnail","6":"product_cat-sin-categorizar","8":"first","9":"instock","10":"shipping-taxable","11":"purchasable","12":"product-type-simple"},"_links":{"self":[{"href":"https:\/\/www.valmaseda.es\/en\/wp-json\/wp\/v2\/product\/1706","targetHints":{"allow":["GET"]}}],"collection":[{"href":"https:\/\/www.valmaseda.es\/en\/wp-json\/wp\/v2\/product"}],"about":[{"href":"https:\/\/www.valmaseda.es\/en\/wp-json\/wp\/v2\/types\/product"}],"replies":[{"embeddable":true,"href":"https:\/\/www.valmaseda.es\/en\/wp-json\/wp\/v2\/comments?post=1706"}],"wp:featuredmedia":[{"embeddable":true,"href":"https:\/\/www.valmaseda.es\/en\/wp-json\/wp\/v2\/media\/1602"}],"wp:attachment":[{"href":"https:\/\/www.valmaseda.es\/en\/wp-json\/wp\/v2\/media?parent=1706"}],"wp:term":[{"taxonomy":"product_brand","embeddable":true,"href":"https:\/\/www.valmaseda.es\/en\/wp-json\/wp\/v2\/product_brand?post=1706"},{"taxonomy":"product_cat","embeddable":true,"href":"https:\/\/www.valmaseda.es\/en\/wp-json\/wp\/v2\/product_cat?post=1706"},{"taxonomy":"product_tag","embeddable":true,"href":"https:\/\/www.valmaseda.es\/en\/wp-json\/wp\/v2\/product_tag?post=1706"}],"curies":[{"name":"wp","href":"https:\/\/api.w.org\/{rel}","templated":true}]}}