{"id":31,"date":"2024-05-29T05:57:49","date_gmt":"2024-05-29T03:57:49","guid":{"rendered":"http:\/\/admin_iu996dyb"},"modified":"2025-09-01T16:27:29","modified_gmt":"2025-09-01T14:27:29","slug":"sobre-nosotros","status":"publish","type":"page","link":"https:\/\/www.valmaseda.es\/en\/sobre-nosotros\/","title":{"rendered":"Sobre nosotros"},"content":{"rendered":"<div data-elementor-type=\"wp-page\" data-elementor-id=\"31\" class=\"elementor elementor-31\" data-elementor-post-type=\"page\">\n\t\t\t\t<div class=\"elementor-element elementor-element-187344c e-con-full e-flex e-con e-parent\" data-id=\"187344c\" data-element_type=\"container\">\n\t\t\t\t<div class=\"elementor-element elementor-element-4c90804 elementor-widget elementor-widget-image\" data-id=\"4c90804\" data-element_type=\"widget\" data-widget_type=\"image.default\">\n\t\t\t\t<div class=\"elementor-widget-container\">\n\t\t\t\t\t\t\t\t\t\t\t\t\t\t\t<img fetchpriority=\"high\" decoding=\"async\" width=\"800\" height=\"566\" src=\"https:\/\/valmaseda.es\/wp-content\/uploads\/2025\/09\/banner-about-1024x724.jpg\" class=\"attachment-large size-large wp-image-1776\" alt=\"banner about\" srcset=\"https:\/\/valmaseda.es\/wp-content\/uploads\/2025\/09\/banner-about-1024x724.jpg 1024w, https:\/\/valmaseda.es\/wp-content\/uploads\/2025\/09\/banner-about-300x212.jpg 300w, https:\/\/valmaseda.es\/wp-content\/uploads\/2025\/09\/banner-about-768x543.jpg 768w, https:\/\/valmaseda.es\/wp-content\/uploads\/2025\/09\/banner-about-600x424.jpg 600w, https:\/\/valmaseda.es\/wp-content\/uploads\/2025\/09\/banner-about.jpg 1280w\" sizes=\"(max-width: 800px) 100vw, 800px\" \/>\t\t\t\t\t\t\t\t\t\t\t\t\t\t\t<\/div>\n\t\t\t\t<\/div>\n\t\t\t\t<\/div>\n\t\t<div class=\"elementor-element elementor-element-305309f e-con-full e-flex e-con e-parent\" data-id=\"305309f\" data-element_type=\"container\" data-settings=\"{&quot;background_background&quot;:&quot;classic&quot;}\">\n\t\t\t\t<div class=\"elementor-element elementor-element-a179dd7 elementor-widget elementor-widget-heading\" data-id=\"a179dd7\" data-element_type=\"widget\" data-widget_type=\"heading.default\">\n\t\t\t\t<div class=\"elementor-widget-container\">\n\t\t\t\t\t<h1 class=\"elementor-heading-title elementor-size-default\">Peque\u00f1o estudio, grandes ideas<\/h1>\t\t\t\t<\/div>\n\t\t\t\t<\/div>\n\t\t\t\t<div class=\"elementor-element elementor-element-5c514ba elementor-widget__width-initial elementor-widget elementor-widget-text-editor\" data-id=\"5c514ba\" data-element_type=\"widget\" data-widget_type=\"text-editor.default\">\n\t\t\t\t<div class=\"elementor-widget-container\">\n\t\t\t\t\t\t\t\t\t<p>Somos un estudio independiente de dise\u00f1o de producto, branding y packaging donde la creatividad se alinea con la estrategia para crear soluciones con prop\u00f3sito. Nuestro trabajo combina sensibilidad est\u00e9tica, conocimiento t\u00e9cnico y un enfoque profundo en la experiencia del consumidor.<\/p>\t\t\t\t\t\t\t\t<\/div>\n\t\t\t\t<\/div>\n\t\t\t\t<\/div>\n\t\t<div class=\"elementor-element elementor-element-0bc4201 e-con-full e-flex e-con e-parent\" data-id=\"0bc4201\" data-element_type=\"container\" data-settings=\"{&quot;background_background&quot;:&quot;classic&quot;}\">\n\t\t<div class=\"elementor-element elementor-element-6099c0e e-con-full e-flex e-con e-child\" data-id=\"6099c0e\" data-element_type=\"container\">\n\t\t\t\t<div class=\"elementor-element elementor-element-2686229 elementor-widget elementor-widget-image\" data-id=\"2686229\" data-element_type=\"widget\" data-widget_type=\"image.default\">\n\t\t\t\t<div class=\"elementor-widget-container\">\n\t\t\t\t\t\t\t\t\t\t\t\t\t\t\t<img decoding=\"async\" width=\"560\" height=\"474\" src=\"https:\/\/valmaseda.es\/wp-content\/uploads\/2024\/05\/image-1.jpg\" class=\"attachment-full size-full wp-image-1611\" alt=\"image 1\" srcset=\"https:\/\/valmaseda.es\/wp-content\/uploads\/2024\/05\/image-1.jpg 560w, https:\/\/valmaseda.es\/wp-content\/uploads\/2024\/05\/image-1-300x254.jpg 300w\" sizes=\"(max-width: 560px) 100vw, 560px\" \/>\t\t\t\t\t\t\t\t\t\t\t\t\t\t\t<\/div>\n\t\t\t\t<\/div>\n\t\t\t\t<\/div>\n\t\t<div class=\"elementor-element elementor-element-2bcae6d e-con-full e-flex e-con e-child\" data-id=\"2bcae6d\" data-element_type=\"container\">\n\t\t\t\t<div class=\"elementor-element elementor-element-ba16b56 elementor-widget elementor-widget-heading\" data-id=\"ba16b56\" data-element_type=\"widget\" data-widget_type=\"heading.default\">\n\t\t\t\t<div class=\"elementor-widget-container\">\n\t\t\t\t\t<h2 class=\"elementor-heading-title elementor-size-default\">Nuestra filosof\u00eda<\/h2>\t\t\t\t<\/div>\n\t\t\t\t<\/div>\n\t\t\t\t<div class=\"elementor-element elementor-element-dac0409 elementor-widget elementor-widget-heading\" data-id=\"dac0409\" data-element_type=\"widget\" data-widget_type=\"heading.default\">\n\t\t\t\t<div class=\"elementor-widget-container\">\n\t\t\t\t\t<span class=\"elementor-heading-title elementor-size-default\">Dise\u00f1ar es pensar, producir es resolver<\/span>\t\t\t\t<\/div>\n\t\t\t\t<\/div>\n\t\t\t\t<div class=\"elementor-element elementor-element-2003088 elementor-widget elementor-widget-text-editor\" data-id=\"2003088\" data-element_type=\"widget\" data-widget_type=\"text-editor.default\">\n\t\t\t\t<div class=\"elementor-widget-container\">\n\t\t\t\t\t\t\t\t\t<p>Creemos en el poder del dise\u00f1o como herramienta para transformar ideas en productos significativos. En cada fase del proceso, buscamos equilibrio entre innovaci\u00f3n, funcionalidad y narrativas visuales coherentes.<br \/><br \/>M\u00e1s all\u00e1 de una soluci\u00f3n est\u00e9tica, buscamos generar una experiencia que conecte con el consumidor final y fortalezca los valores de marca.<\/p>\t\t\t\t\t\t\t\t<\/div>\n\t\t\t\t<\/div>\n\t\t\t\t<\/div>\n\t\t\t\t<\/div>\n\t\t<div class=\"elementor-element elementor-element-96882df e-flex e-con-boxed e-con e-parent\" data-id=\"96882df\" data-element_type=\"container\" data-settings=\"{&quot;background_background&quot;:&quot;classic&quot;}\">\n\t\t\t\t\t<div class=\"e-con-inner\">\n\t\t<div class=\"elementor-element elementor-element-4cb93cf e-con-full e-flex e-con e-child\" data-id=\"4cb93cf\" data-element_type=\"container\">\n\t\t\t\t<div class=\"elementor-element elementor-element-826767e elementor-widget__width-initial elementor-widget-mobile__width-inherit elementor-widget elementor-widget-heading\" data-id=\"826767e\" data-element_type=\"widget\" data-widget_type=\"heading.default\">\n\t\t\t\t<div class=\"elementor-widget-container\">\n\t\t\t\t\t<h2 class=\"elementor-heading-title elementor-size-default\">Nuestros valores<\/h2>\t\t\t\t<\/div>\n\t\t\t\t<\/div>\n\t\t\t\t<div class=\"elementor-element elementor-element-3fdc53e elementor-widget__width-initial elementor-widget elementor-widget-text-editor\" data-id=\"3fdc53e\" data-element_type=\"widget\" data-widget_type=\"text-editor.default\">\n\t\t\t\t<div class=\"elementor-widget-container\">\n\t\t\t\t\t\t\t\t\t<p>Nuestro trabajo no solo busca resultados visuales, sino tambi\u00e9n impacto estrat\u00e9gico y conexi\u00f3n emocional. Creemos en un dise\u00f1o que resuelva, que inspire y que aporte valor. Cada decisi\u00f3n est\u00e1 respaldada por criterio, experiencia y una clara intenci\u00f3n de ayudarle a destacar.<\/p>\t\t\t\t\t\t\t\t<\/div>\n\t\t\t\t<\/div>\n\t\t\t\t<\/div>\n\t\t<div class=\"elementor-element elementor-element-6efcd7e e-con-full e-flex e-con e-child\" data-id=\"6efcd7e\" data-element_type=\"container\" data-settings=\"{&quot;background_background&quot;:&quot;classic&quot;}\">\n\t\t\t\t<div class=\"elementor-element elementor-element-83ba0a1 elementor-view-default elementor-widget elementor-widget-icon\" data-id=\"83ba0a1\" data-element_type=\"widget\" data-widget_type=\"icon.default\">\n\t\t\t\t<div class=\"elementor-widget-container\">\n\t\t\t\t\t\t\t<div class=\"elementor-icon-wrapper\">\n\t\t\t<div class=\"elementor-icon\">\n\t\t\t<svg xmlns=\"http:\/\/www.w3.org\/2000\/svg\" width=\"41\" height=\"41\" viewbox=\"0 0 41 41\" fill=\"none\"><path d=\"M20.3337 37.4996C29.5384 37.4996 37.0003 30.0377 37.0003 20.8329C37.0003 11.6282 29.5384 4.16626 20.3337 4.16626C11.1289 4.16626 3.66699 11.6282 3.66699 20.8329C3.66699 30.0377 11.1289 37.4996 20.3337 37.4996Z\" stroke=\"#29235C\" stroke-width=\"2\" stroke-linecap=\"round\" stroke-linejoin=\"round\"><\/path><path d=\"M20.3337 30.8329C25.8565 30.8329 30.3337 26.3558 30.3337 20.8329C30.3337 15.3101 25.8565 10.8329 20.3337 10.8329C14.8108 10.8329 10.3337 15.3101 10.3337 20.8329C10.3337 26.3558 14.8108 30.8329 20.3337 30.8329Z\" stroke=\"#29235C\" stroke-width=\"2\" stroke-linecap=\"round\" stroke-linejoin=\"round\"><\/path><path d=\"M20.3337 24.1663C22.1746 24.1663 23.667 22.6739 23.667 20.8329C23.667 18.992 22.1746 17.4996 20.3337 17.4996C18.4927 17.4996 17.0003 18.992 17.0003 20.8329C17.0003 22.6739 18.4927 24.1663 20.3337 24.1663Z\" stroke=\"#29235C\" stroke-width=\"2\" stroke-linecap=\"round\" stroke-linejoin=\"round\"><\/path><\/svg>\t\t\t<\/div>\n\t\t<\/div>\n\t\t\t\t\t\t<\/div>\n\t\t\t\t<\/div>\n\t\t\t\t<div class=\"elementor-element elementor-element-5ac7071 elementor-widget elementor-widget-heading\" data-id=\"5ac7071\" data-element_type=\"widget\" data-widget_type=\"heading.default\">\n\t\t\t\t<div class=\"elementor-widget-container\">\n\t\t\t\t\t<h2 class=\"elementor-heading-title elementor-size-default\">Precisi\u00f3n creativa<\/h2>\t\t\t\t<\/div>\n\t\t\t\t<\/div>\n\t\t\t\t<div class=\"elementor-element elementor-element-ee2f0bd elementor-widget elementor-widget-text-editor\" data-id=\"ee2f0bd\" data-element_type=\"widget\" data-widget_type=\"text-editor.default\">\n\t\t\t\t<div class=\"elementor-widget-container\">\n\t\t\t\t\t\t\t\t\t<p>Cada proyecto parte de una idea clara y se ejecuta con enfoque estrat\u00e9gico. La creatividad no es casualidad, es el resultado de procesos bien definidos.<\/p>\t\t\t\t\t\t\t\t<\/div>\n\t\t\t\t<\/div>\n\t\t\t\t<\/div>\n\t\t<div class=\"elementor-element elementor-element-128b251 e-con-full e-flex e-con e-child\" data-id=\"128b251\" data-element_type=\"container\" data-settings=\"{&quot;background_background&quot;:&quot;classic&quot;}\">\n\t\t\t\t<div class=\"elementor-element elementor-element-0287bb2 elementor-view-default elementor-widget elementor-widget-icon\" data-id=\"0287bb2\" data-element_type=\"widget\" data-widget_type=\"icon.default\">\n\t\t\t\t<div class=\"elementor-widget-container\">\n\t\t\t\t\t\t\t<div class=\"elementor-icon-wrapper\">\n\t\t\t<div class=\"elementor-icon\">\n\t\t\t<svg xmlns=\"http:\/\/www.w3.org\/2000\/svg\" width=\"40\" height=\"41\" viewbox=\"0 0 40 41\" fill=\"none\"><path d=\"M1.6665 20.8331C1.6665 20.8331 8.33317 7.49976 19.9998 7.49976C31.6665 7.49976 38.3332 20.8331 38.3332 20.8331C38.3332 20.8331 31.6665 34.1664 19.9998 34.1664C8.33317 34.1664 1.6665 20.8331 1.6665 20.8331Z\" stroke=\"#29235C\" stroke-width=\"2\" stroke-linecap=\"round\" stroke-linejoin=\"round\"><\/path><path d=\"M19.9998 25.8331C22.7613 25.8331 24.9998 23.5945 24.9998 20.8331C24.9998 18.0717 22.7613 15.8331 19.9998 15.8331C17.2384 15.8331 14.9998 18.0717 14.9998 20.8331C14.9998 23.5945 17.2384 25.8331 19.9998 25.8331Z\" stroke=\"#29235C\" stroke-width=\"2\" stroke-linecap=\"round\" stroke-linejoin=\"round\"><\/path><\/svg>\t\t\t<\/div>\n\t\t<\/div>\n\t\t\t\t\t\t<\/div>\n\t\t\t\t<\/div>\n\t\t\t\t<div class=\"elementor-element elementor-element-5a111e9 elementor-widget elementor-widget-heading\" data-id=\"5a111e9\" data-element_type=\"widget\" data-widget_type=\"heading.default\">\n\t\t\t\t<div class=\"elementor-widget-container\">\n\t\t\t\t\t<h2 class=\"elementor-heading-title elementor-size-default\">Visi\u00f3n integral<\/h2>\t\t\t\t<\/div>\n\t\t\t\t<\/div>\n\t\t\t\t<div class=\"elementor-element elementor-element-1fea488 elementor-widget elementor-widget-text-editor\" data-id=\"1fea488\" data-element_type=\"widget\" data-widget_type=\"text-editor.default\">\n\t\t\t\t<div class=\"elementor-widget-container\">\n\t\t\t\t\t\t\t\t\t<p>Pensamos en el conjunto, no solo en la forma. Desde la identidad hasta el producto final, cada elemento debe trabajar en conjunto.<\/p>\t\t\t\t\t\t\t\t<\/div>\n\t\t\t\t<\/div>\n\t\t\t\t<\/div>\n\t\t<div class=\"elementor-element elementor-element-9347f38 e-con-full e-flex e-con e-child\" data-id=\"9347f38\" data-element_type=\"container\" data-settings=\"{&quot;background_background&quot;:&quot;classic&quot;}\">\n\t\t\t\t<div class=\"elementor-element elementor-element-6ba0dd6 elementor-view-default elementor-widget elementor-widget-icon\" data-id=\"6ba0dd6\" data-element_type=\"widget\" data-widget_type=\"icon.default\">\n\t\t\t\t<div class=\"elementor-widget-container\">\n\t\t\t\t\t\t\t<div class=\"elementor-icon-wrapper\">\n\t\t\t<div class=\"elementor-icon\">\n\t\t\t<svg xmlns=\"http:\/\/www.w3.org\/2000\/svg\" width=\"41\" height=\"41\" viewbox=\"0 0 41 41\" fill=\"none\"><g clip-path=\"url(#clip0_14_607)\"><path d=\"M17.6795 8.87051L14.4857 12.0643C13.5295 12.3268 12.642 12.808 11.892 13.4705L10.2295 14.9518C9.59199 15.5205 8.76074 15.833 7.90449 15.833H6.66699V23.833C7.94199 23.8705 9.15449 24.3893 10.0607 25.2955L12.2857 27.5205L12.7232 27.958L14.4107 29.6455C14.7982 30.033 15.4357 30.033 15.8232 29.6455C15.9295 29.5393 16.0107 29.4143 16.0545 29.283C16.2295 28.8018 16.6357 28.4393 17.1357 28.3268C17.6357 28.2143 18.1607 28.3643 18.5232 28.733L19.1982 29.3955C19.9232 30.1205 21.0982 30.1205 21.817 29.3955C22.1545 29.058 22.3357 28.6268 22.3545 28.183C22.3795 27.633 22.7045 27.1455 23.2045 26.908C23.7045 26.6705 24.2857 26.7205 24.7295 27.0393C25.317 27.458 26.1357 27.4018 26.6607 26.8768C27.2482 26.2893 27.2482 25.3393 26.6607 24.758L21.9232 20.0205L19.6857 22.083C17.9795 23.658 15.3607 23.683 13.6232 22.1393C11.642 20.3768 11.5982 17.3018 13.5232 15.483L17.9045 11.3455C19.617 9.73301 21.8795 8.83301 24.2357 8.83301C26.492 8.83301 28.6732 9.66426 30.3545 11.158L32.2357 12.833H34.667H37.167H39.667C40.217 12.833 40.667 13.283 40.667 13.833V26.833C40.667 27.9393 39.7732 28.833 38.667 28.833H36.667C35.9295 28.833 35.2795 28.433 34.9357 27.833H29.6295C29.417 28.2518 29.1357 28.6518 28.7857 29.0018C27.717 30.0705 26.2357 30.4893 24.8482 30.258C24.6232 30.7143 24.317 31.1393 23.9357 31.5205C22.2295 33.2268 19.5607 33.3955 17.6607 32.0268C16.092 33.3268 13.7545 33.2455 12.2857 31.7705L10.6045 30.083L10.167 29.6455L7.94199 27.4205C7.59824 27.0768 7.14824 26.8768 6.66699 26.8393C6.66699 27.9393 5.76699 28.833 4.66699 28.833H2.66699C1.56074 28.833 0.666992 27.9393 0.666992 26.833V13.833C0.666992 13.283 1.11699 12.833 1.66699 12.833H4.16699H6.66699H7.90449C8.02949 12.833 8.14824 12.7893 8.23574 12.708L9.89199 11.233C11.6357 9.68926 13.8795 8.83301 16.2107 8.83301H16.8545C17.1295 8.83301 17.4107 8.84551 17.6795 8.87051ZM34.667 24.833V15.833H31.667C31.2982 15.833 30.942 15.6955 30.6732 15.4518L28.367 13.4018C27.2295 12.3893 25.7607 11.833 24.2357 11.833C22.6482 11.833 21.1232 12.4393 19.967 13.5268L15.5857 17.6643C14.942 18.2768 14.9545 19.308 15.617 19.8955C16.1982 20.4143 17.0795 20.4018 17.6482 19.8768L22.142 15.7268C22.7482 15.1643 23.6982 15.2018 24.2607 15.8143C24.8232 16.4268 24.7857 17.3705 24.1732 17.933L24.1232 17.983L28.7732 22.633C29.3982 23.258 29.8045 24.0268 29.9857 24.8268H34.667V24.833ZM4.66699 25.833C4.66699 25.5678 4.56164 25.3134 4.3741 25.1259C4.18656 24.9384 3.93221 24.833 3.66699 24.833C3.40178 24.833 3.14742 24.9384 2.95989 25.1259C2.77235 25.3134 2.66699 25.5678 2.66699 25.833C2.66699 26.0982 2.77235 26.3526 2.95989 26.5401C3.14742 26.7277 3.40178 26.833 3.66699 26.833C3.93221 26.833 4.18656 26.7277 4.3741 26.5401C4.56164 26.3526 4.66699 26.0982 4.66699 25.833ZM37.667 26.833C37.9322 26.833 38.1866 26.7277 38.3741 26.5401C38.5616 26.3526 38.667 26.0982 38.667 25.833C38.667 25.5678 38.5616 25.3134 38.3741 25.1259C38.1866 24.9384 37.9322 24.833 37.667 24.833C37.4018 24.833 37.1474 24.9384 36.9599 25.1259C36.7723 25.3134 36.667 25.5678 36.667 25.833C36.667 26.0982 36.7723 26.3526 36.9599 26.5401C37.1474 26.7277 37.4018 26.833 37.667 26.833Z\" fill=\"#29235C\"><\/path><\/g><defs><clippath id=\"clip0_14_607\"><rect width=\"40\" height=\"40\" fill=\"white\" transform=\"translate(0.666992 0.833008)\"><\/rect><\/clippath><\/defs><\/svg>\t\t\t<\/div>\n\t\t<\/div>\n\t\t\t\t\t\t<\/div>\n\t\t\t\t<\/div>\n\t\t\t\t<div class=\"elementor-element elementor-element-9384bad elementor-widget elementor-widget-heading\" data-id=\"9384bad\" data-element_type=\"widget\" data-widget_type=\"heading.default\">\n\t\t\t\t<div class=\"elementor-widget-container\">\n\t\t\t\t\t<h2 class=\"elementor-heading-title elementor-size-default\">Compromiso profesional<\/h2>\t\t\t\t<\/div>\n\t\t\t\t<\/div>\n\t\t\t\t<div class=\"elementor-element elementor-element-38bacb8 elementor-widget elementor-widget-text-editor\" data-id=\"38bacb8\" data-element_type=\"widget\" data-widget_type=\"text-editor.default\">\n\t\t\t\t<div class=\"elementor-widget-container\">\n\t\t\t\t\t\t\t\t\t<p>Asumimos cada reto con responsabilidad, cuidado y dedicaci\u00f3n. Le acompa\u00f1amos de forma cercana durante todo el proceso.<\/p>\t\t\t\t\t\t\t\t<\/div>\n\t\t\t\t<\/div>\n\t\t\t\t<\/div>\n\t\t\t\t\t<\/div>\n\t\t\t\t<\/div>\n\t\t<div class=\"elementor-element elementor-element-c7a6600 e-con-full e-flex e-con e-parent\" data-id=\"c7a6600\" data-element_type=\"container\" data-settings=\"{&quot;background_background&quot;:&quot;classic&quot;}\">\n\t\t<div class=\"elementor-element elementor-element-0399515 e-con-full e-flex e-con e-child\" data-id=\"0399515\" data-element_type=\"container\">\n\t\t\t\t<div class=\"elementor-element elementor-element-f9bf507 elementor-widget elementor-widget-image\" data-id=\"f9bf507\" data-element_type=\"widget\" data-widget_type=\"image.default\">\n\t\t\t\t<div class=\"elementor-widget-container\">\n\t\t\t\t\t\t\t\t\t\t\t\t\t\t\t<img decoding=\"async\" width=\"560\" height=\"474\" src=\"https:\/\/valmaseda.es\/wp-content\/uploads\/2024\/05\/image-2.jpg\" class=\"attachment-full size-full wp-image-1612\" alt=\"image 2\" srcset=\"https:\/\/valmaseda.es\/wp-content\/uploads\/2024\/05\/image-2.jpg 560w, https:\/\/valmaseda.es\/wp-content\/uploads\/2024\/05\/image-2-300x254.jpg 300w\" sizes=\"(max-width: 560px) 100vw, 560px\" \/>\t\t\t\t\t\t\t\t\t\t\t\t\t\t\t<\/div>\n\t\t\t\t<\/div>\n\t\t\t\t<\/div>\n\t\t<div class=\"elementor-element elementor-element-73be011 e-con-full e-flex e-con e-child\" data-id=\"73be011\" data-element_type=\"container\">\n\t\t\t\t<div class=\"elementor-element elementor-element-3ea6f76 elementor-widget elementor-widget-heading\" data-id=\"3ea6f76\" data-element_type=\"widget\" data-widget_type=\"heading.default\">\n\t\t\t\t<div class=\"elementor-widget-container\">\n\t\t\t\t\t<h2 class=\"elementor-heading-title elementor-size-default\">Nuestro enfoque<\/h2>\t\t\t\t<\/div>\n\t\t\t\t<\/div>\n\t\t\t\t<div class=\"elementor-element elementor-element-4f08860 elementor-widget elementor-widget-text-editor\" data-id=\"4f08860\" data-element_type=\"widget\" data-widget_type=\"text-editor.default\">\n\t\t\t\t<div class=\"elementor-widget-container\">\n\t\t\t\t\t\t\t\t\t<p>Desde la definici\u00f3n estrat\u00e9gica hasta la producci\u00f3n final, trabajamos de forma colaborativa, profesional y cercana. Escuchamos, analizamos y proponemos soluciones reales, adaptadas a cada cliente y sector.<br \/><br \/>No dise\u00f1amos por dise\u00f1ar: cada proyecto parte de un objetivo claro, se construye con intenci\u00f3n y se resuelve con precisi\u00f3n.<\/p>\t\t\t\t\t\t\t\t<\/div>\n\t\t\t\t<\/div>\n\t\t\t\t<\/div>\n\t\t\t\t<\/div>\n\t\t\t\t<\/div>","protected":false},"excerpt":{"rendered":"<p>Peque\u00f1o estudio, grandes ideas Somos un estudio independiente de dise\u00f1o de producto, branding y packaging donde la creatividad se alinea con la estrategia para crear soluciones con prop\u00f3sito. Nuestro trabajo combina sensibilidad est\u00e9tica, conocimiento t\u00e9cnico y un enfoque profundo en la experiencia del consumidor. Nuestra filosof\u00eda Dise\u00f1ar es pensar, producir es resolver Creemos en el [&hellip;]<\/p>","protected":false},"author":1,"featured_media":0,"parent":0,"menu_order":0,"comment_status":"closed","ping_status":"closed","template":"","meta":{"footnotes":""},"class_list":["post-31","page","type-page","status-publish","hentry"],"_links":{"self":[{"href":"https:\/\/www.valmaseda.es\/en\/wp-json\/wp\/v2\/pages\/31","targetHints":{"allow":["GET"]}}],"collection":[{"href":"https:\/\/www.valmaseda.es\/en\/wp-json\/wp\/v2\/pages"}],"about":[{"href":"https:\/\/www.valmaseda.es\/en\/wp-json\/wp\/v2\/types\/page"}],"author":[{"embeddable":true,"href":"https:\/\/www.valmaseda.es\/en\/wp-json\/wp\/v2\/users\/1"}],"replies":[{"embeddable":true,"href":"https:\/\/www.valmaseda.es\/en\/wp-json\/wp\/v2\/comments?post=31"}],"version-history":[{"count":126,"href":"https:\/\/www.valmaseda.es\/en\/wp-json\/wp\/v2\/pages\/31\/revisions"}],"predecessor-version":[{"id":1799,"href":"https:\/\/www.valmaseda.es\/en\/wp-json\/wp\/v2\/pages\/31\/revisions\/1799"}],"wp:attachment":[{"href":"https:\/\/www.valmaseda.es\/en\/wp-json\/wp\/v2\/media?parent=31"}],"curies":[{"name":"wp","href":"https:\/\/api.w.org\/{rel}","templated":true}]}}